{"id":744,"date":"2020-12-08T20:52:58","date_gmt":"2020-12-08T19:52:58","guid":{"rendered":"http:\/\/jahrhundert-passion.com\/?page_id=744"},"modified":"2024-05-22T20:12:32","modified_gmt":"2024-05-22T18:12:32","slug":"testunterseite","status":"publish","type":"page","link":"https:\/\/jahrhundert-passion.de\/?page_id=744","title":{"rendered":"for artists"},"content":{"rendered":"\n<p><\/p>\n\n\n\n<p><\/p>\n\n\n\n<p>Do you like the activity of Century Passion and are you interested in cooperation?<br><\/p>\n\n\n\n<p>We offer project-based collaborations or gladly long-term representation of your work in the fields of liberal and applied arts.<\/p>\n\n\n\n<p>We look forward to a personal conversation and \/ or a portfolio of your work.<\/p>\n\n\n\n<h4 class=\"has-text-align-left\">office: Fortstr. 10, D \u2013 76829 Landau i.d.Pfalz<\/h4>\n\n\n\n<h4 class=\"has-text-align-left\">mail:\u00a0<a href=\"mailto:contact@jahrhundert-passion.com\">contact@jahrhundert-passion.de<\/a><\/h4>\n\n\n\n<h4 class=\"has-text-align-left\">phone: 0049 1520 2332288<\/h4>\n\n\n\n<p><\/p>\n\n\n\n<p><\/p>\n\n\n\n<p><\/p>\n\n\n\n<p><\/p>\n\n\n\n<p><\/p>\n\n\n\n<p>Gef\u00e4llt dir \/ Ihnen die Aktivit\u00e4t von Jahrhundert Passion und bist du   sind Sie interessiert an einer Zusammenarbeit?<\/p>\n\n\n\n<p>Wir bieten projektbezogene Kooperationen oder auch gerne eine langfristige Vertretung deiner \/ Ihrer Arbeiten aus den Bereichen freie und angewandte Kunst.<\/p>\n\n\n\n<p class=\"has-text-align-left\">Wir freuen uns auf ein pers\u00f6nliches Gespr\u00e4ch und \/ oder \u00fcber ein Portfolio deiner \/ Ihrer Arbeiten.<\/p>\n\n\n\n<p><\/p>\n\n\n\n<h4 class=\"has-text-align-left\">B\u00fcro: Fortstr. 10, D \u2013 76829 Landau i.d.Pfalz<\/h4>\n\n\n\n<h4 class=\"has-text-align-left\">Email:\u00a0<a href=\"mailto:contact@jahrhundert-passion.com\">contact@jahrhundert-passion.de<\/a><\/h4>\n\n\n\n<h4 class=\"has-text-align-left\">Tel: 0049 1520 2332288<\/h4>\n\n\n\n<p><\/p>\n\n\n\n<p><\/p>\n\n\n\n<p><\/p>\n\n\n\n<p><\/p>\n\n\n\n<p><\/p>\n\n\n\n<p>L&#8217;activit\u00e9 de Jahrhundert Passion te pla\u00eet et tu es int\u00e9ress\u00e9(e) par une collaboration ?<\/p>\n\n\n\n<p>Nous proposons des coop\u00e9rations li\u00e9es \u00e0 des projets ou volontiers une repr\u00e9sentation \u00e0 long terme de ton \/ tes travaux dans les domaines des arts lib\u00e9raux et appliqu\u00e9s.<\/p>\n\n\n\n<p>Nous nous r\u00e9jouissons d&#8217;un entretien personnel et \/ ou d&#8217;un portfolio de ton \/ tes travaux.<\/p>\n\n\n\n<h4>Bureau: Fortstr. 10, D \u2013 76829 Landau i.d.Pfalz<\/h4>\n\n\n\n<h4>mail:\u00a0<a href=\"mailto:contact@jahrhundert-passion.com\">contact@jahrhundert-passion.de<\/a><\/h4>\n\n\n\n<h4>T\u00e9l\u00e9phone: 0049 1520 2332288<\/h4>\n\n\n\n<p><\/p>\n","protected":false},"excerpt":{"rendered":"<p>Do you like the activity of Century Passion and are you interested in cooperation? We offer project-based collaborations or gladly long-term representation of your work in the fields of liberal and applied arts. We look forward to a personal conversation and \/ or a portfolio of your work. office: Fortstr. 10, D \u2013 76829 Landau &hellip; <\/p>\n","protected":false},"author":1,"featured_media":0,"parent":0,"menu_order":0,"comment_status":"closed","ping_status":"closed","template":"","meta":[],"_links":{"self":[{"href":"https:\/\/jahrhundert-passion.de\/index.php?rest_route=\/wp\/v2\/pages\/744"}],"collection":[{"href":"https:\/\/jahrhundert-passion.de\/index.php?rest_route=\/wp\/v2\/pages"}],"about":[{"href":"https:\/\/jahrhundert-passion.de\/index.php?rest_route=\/wp\/v2\/types\/page"}],"author":[{"embeddable":true,"href":"https:\/\/jahrhundert-passion.de\/index.php?rest_route=\/wp\/v2\/users\/1"}],"replies":[{"embeddable":true,"href":"https:\/\/jahrhundert-passion.de\/index.php?rest_route=%2Fwp%2Fv2%2Fcomments&post=744"}],"version-history":[{"count":13,"href":"https:\/\/jahrhundert-passion.de\/index.php?rest_route=\/wp\/v2\/pages\/744\/revisions"}],"predecessor-version":[{"id":896,"href":"https:\/\/jahrhundert-passion.de\/index.php?rest_route=\/wp\/v2\/pages\/744\/revisions\/896"}],"wp:attachment":[{"href":"https:\/\/jahrhundert-passion.de\/index.php?rest_route=%2Fwp%2Fv2%2Fmedia&parent=744"}],"curies":[{"name":"wp","href":"https:\/\/api.w.org\/{rel}","templated":true}]}}